{"id":46,"date":"2025-02-05T11:01:22","date_gmt":"2025-02-05T11:01:22","guid":{"rendered":"https:\/\/perfectpresentation.nl\/over-het-bedrijf\/"},"modified":"2025-02-05T14:13:34","modified_gmt":"2025-02-05T14:13:34","slug":"over-het-bedrijf","status":"publish","type":"page","link":"https:\/\/perfectpresentation.nl\/ro\/over-het-bedrijf\/","title":{"rendered":"Despre companie"},"content":{"rendered":"<p>Bine a\u021bi venit pe blogul nostru, locul ideal pentru iubitorii de mod\u0103, stil \u0219i \u00eembr\u0103c\u0103minte. Site-ul nostru web este o surs\u0103 de inspira\u021bie pentru oricine dore\u0219te s\u0103-\u0219i dezvolte stilul personal, s\u0103 fie la curent cu cele mai recente tendin\u021be \u00een mod\u0103 sau pur \u0219i simplu s\u0103 se bucure de articole informative \u0219i captivante despre mod\u0103. Credem c\u0103 moda este o modalitate de a te exprima \u0219i de a te sim\u021bi \u00eencrez\u0103tor, indiferent de v\u00e2rsta, bugetul sau stilul t\u0103u de via\u021b\u0103.<\/p>\n<p><img loading=\"lazy\" decoding=\"async\" class=\"aligncenter wp-image-45 size-full\" src=\"https:\/\/perfectpresentation.nl\/wp-content\/uploads\/bluzki-na-veshalke.jpg\" alt=\"\" width=\"612\" height=\"408\" srcset=\"https:\/\/perfectpresentation.nl\/wp-content\/uploads\/bluzki-na-veshalke.jpg 612w, https:\/\/perfectpresentation.nl\/wp-content\/uploads\/bluzki-na-veshalke-300x200.jpg 300w\" sizes=\"auto, (max-width: 612px) 100vw, 612px\" \/><\/p>\n<h2>Ce ve\u021bi g\u0103si pe site-ul nostru web<\/h2>\n<p>Avem o gam\u0103 divers\u0103 de subiecte care sunt actualizate periodic pentru a v\u0103 \u021bine inspira\u021bi \u0219i informa\u021bi. C\u00e2teva categorii populare de pe blogul nostru includ:<\/p>\n<ul>\n<li>Tendin\u021be \u00een mod\u0103: Descoper\u0103 cele mai noi stiluri \u0219i articolele obligatorii ale sezonului<\/li>\n<li>Inspira\u021bie vestimentar\u0103: sfaturi pentru \u021binute casual, business \u0219i de petrecere<\/li>\n<li>Mod\u0103 sustenabil\u0103: \u00cenva\u021b\u0103 cum s\u0103 faci alegeri ecologice<\/li>\n<li>Accesorii: Cum s\u0103-\u021bi \u00eembun\u0103t\u0103\u021be\u0219ti aspectul cu detaliile potrivite<\/li>\n<li>Ghiduri de stil personal: Sfaturi personalizate pentru stilul t\u0103u unic<\/li>\n<\/ul>\n<h2>Contact<\/h2>\n<p>Ne place s\u0103 ne conect\u0103m cu cititorii no\u0219tri! Ave\u021bi \u00eentreb\u0103ri, sugestii sau dori\u021bi pur \u0219i simplu s\u0103 ne \u00eemp\u0103rt\u0103\u0219i\u021bi dragostea voastr\u0103 pentru mod\u0103? Nu ezita\u021bi s\u0103 ne contacta\u021bi la <a href=\"mailto:info@perfectpresentation.nl\">info@perfectpresentation.nl<\/a>Apreciem feedback-ul \u0219i a\u0219tept\u0103m cu ner\u0103bdare s\u0103 v\u0103 auzim!<\/p>","protected":false},"excerpt":{"rendered":"<p>Bine a\u021bi venit pe blogul nostru, locul ideal pentru pasiona\u021bii de mod\u0103, stil \u0219i \u00eembr\u0103c\u0103minte. Site-ul nostru este o surs\u0103 de inspira\u021bie pentru oricine...<span class=\"more-button\"><a href=\"https:\/\/perfectpresentation.nl\/ro\/over-het-bedrijf\/\" class=\"more-link more-icon\">Continu\u0103 s\u0103 cite\u0219ti<span class=\"screen-reader-text\">Despre companie<\/span><\/a><\/span><\/p>","protected":false},"author":1,"featured_media":0,"parent":0,"menu_order":0,"comment_status":"closed","ping_status":"closed","template":"","meta":{"_acf_changed":false,"footnotes":""},"class_list":["post-46","page","type-page","status-publish","hentry"],"acf":[],"yoast_head":"<!-- This site is optimized with the Yoast SEO plugin v23.2 - https:\/\/yoast.com\/wordpress\/plugins\/seo\/ -->\n<title>Over het bedrijf - Perfect Presentation<\/title>\n<meta name=\"description\" content=\"Ontdek de wereld van mode op onze blog! Lees over trends, stijladvies en duurzame mode om jouw unieke stijl te ontwikkelen.\" \/>\n<meta name=\"robots\" content=\"index, follow, max-snippet:-1, max-image-preview:large, max-video-preview:-1\" \/>\n<link rel=\"canonical\" href=\"https:\/\/perfectpresentation.nl\/ro\/over-het-bedrijf\/\" \/>\n<meta property=\"og:locale\" content=\"ro_RO\" \/>\n<meta property=\"og:type\" content=\"article\" \/>\n<meta property=\"og:title\" content=\"Over het bedrijf - Perfect Presentation\" \/>\n<meta property=\"og:description\" content=\"Ontdek de wereld van mode op onze blog! Lees over trends, stijladvies en duurzame mode om jouw unieke stijl te ontwikkelen.\" \/>\n<meta property=\"og:url\" content=\"https:\/\/perfectpresentation.nl\/ro\/over-het-bedrijf\/\" \/>\n<meta property=\"og:site_name\" content=\"Perfect Presentation\" \/>\n<meta property=\"article:modified_time\" content=\"2025-02-05T14:13:34+00:00\" \/>\n<meta property=\"og:image\" content=\"https:\/\/perfectpresentation.nl\/wp-content\/uploads\/bluzki-na-veshalke.jpg\" \/>\n<meta name=\"twitter:card\" content=\"summary_large_image\" \/>\n<meta name=\"twitter:label1\" content=\"Timp estimat pentru citire\" \/>\n\t<meta name=\"twitter:data1\" content=\"2 minute\" \/>\n<script type=\"application\/ld+json\" class=\"yoast-schema-graph\">{\"@context\":\"https:\/\/schema.org\",\"@graph\":[{\"@type\":\"WebPage\",\"@id\":\"https:\/\/perfectpresentation.nl\/over-het-bedrijf\/\",\"url\":\"https:\/\/perfectpresentation.nl\/over-het-bedrijf\/\",\"name\":\"Over het bedrijf - Perfect Presentation\",\"isPartOf\":{\"@id\":\"https:\/\/perfectpresentation.nl\/#website\"},\"primaryImageOfPage\":{\"@id\":\"https:\/\/perfectpresentation.nl\/over-het-bedrijf\/#primaryimage\"},\"image\":{\"@id\":\"https:\/\/perfectpresentation.nl\/over-het-bedrijf\/#primaryimage\"},\"thumbnailUrl\":\"https:\/\/perfectpresentation.nl\/wp-content\/uploads\/bluzki-na-veshalke.jpg\",\"datePublished\":\"2025-02-05T11:01:22+00:00\",\"dateModified\":\"2025-02-05T14:13:34+00:00\",\"description\":\"Ontdek de wereld van mode op onze blog! Lees over trends, stijladvies en duurzame mode om jouw unieke stijl te ontwikkelen.\",\"breadcrumb\":{\"@id\":\"https:\/\/perfectpresentation.nl\/over-het-bedrijf\/#breadcrumb\"},\"inLanguage\":\"ro-RO\",\"potentialAction\":[{\"@type\":\"ReadAction\",\"target\":[\"https:\/\/perfectpresentation.nl\/over-het-bedrijf\/\"]}]},{\"@type\":\"ImageObject\",\"inLanguage\":\"ro-RO\",\"@id\":\"https:\/\/perfectpresentation.nl\/over-het-bedrijf\/#primaryimage\",\"url\":\"https:\/\/perfectpresentation.nl\/wp-content\/uploads\/bluzki-na-veshalke.jpg\",\"contentUrl\":\"https:\/\/perfectpresentation.nl\/wp-content\/uploads\/bluzki-na-veshalke.jpg\"},{\"@type\":\"BreadcrumbList\",\"@id\":\"https:\/\/perfectpresentation.nl\/over-het-bedrijf\/#breadcrumb\",\"itemListElement\":[{\"@type\":\"ListItem\",\"position\":1,\"name\":\"Home\",\"item\":\"https:\/\/perfectpresentation.nl\/\"},{\"@type\":\"ListItem\",\"position\":2,\"name\":\"Over het bedrijf\"}]},{\"@type\":\"WebSite\",\"@id\":\"https:\/\/perfectpresentation.nl\/#website\",\"url\":\"https:\/\/perfectpresentation.nl\/\",\"name\":\"Perfect Presentation\",\"description\":\"Duik in de wereld van fashion met persoonlijke stijltips en laatste modenieuws\",\"potentialAction\":[{\"@type\":\"SearchAction\",\"target\":{\"@type\":\"EntryPoint\",\"urlTemplate\":\"https:\/\/perfectpresentation.nl\/?s={search_term_string}\"},\"query-input\":\"required name=search_term_string\"}],\"inLanguage\":\"ro-RO\"}]}<\/script>\n<!-- \/ Yoast SEO plugin. -->","yoast_head_json":{"title":"Over het bedrijf - Perfect Presentation","description":"Ontdek de wereld van mode op onze blog! Lees over trends, stijladvies en duurzame mode om jouw unieke stijl te ontwikkelen.","robots":{"index":"index","follow":"follow","max-snippet":"max-snippet:-1","max-image-preview":"max-image-preview:large","max-video-preview":"max-video-preview:-1"},"canonical":"https:\/\/perfectpresentation.nl\/ro\/over-het-bedrijf\/","og_locale":"ro_RO","og_type":"article","og_title":"Over het bedrijf - Perfect Presentation","og_description":"Ontdek de wereld van mode op onze blog! Lees over trends, stijladvies en duurzame mode om jouw unieke stijl te ontwikkelen.","og_url":"https:\/\/perfectpresentation.nl\/ro\/over-het-bedrijf\/","og_site_name":"Perfect Presentation","article_modified_time":"2025-02-05T14:13:34+00:00","og_image":[{"url":"https:\/\/perfectpresentation.nl\/wp-content\/uploads\/bluzki-na-veshalke.jpg"}],"twitter_card":"summary_large_image","twitter_misc":{"Timp estimat pentru citire":"2 minute"},"schema":{"@context":"https:\/\/schema.org","@graph":[{"@type":"WebPage","@id":"https:\/\/perfectpresentation.nl\/over-het-bedrijf\/","url":"https:\/\/perfectpresentation.nl\/over-het-bedrijf\/","name":"Over het bedrijf - Perfect Presentation","isPartOf":{"@id":"https:\/\/perfectpresentation.nl\/#website"},"primaryImageOfPage":{"@id":"https:\/\/perfectpresentation.nl\/over-het-bedrijf\/#primaryimage"},"image":{"@id":"https:\/\/perfectpresentation.nl\/over-het-bedrijf\/#primaryimage"},"thumbnailUrl":"https:\/\/perfectpresentation.nl\/wp-content\/uploads\/bluzki-na-veshalke.jpg","datePublished":"2025-02-05T11:01:22+00:00","dateModified":"2025-02-05T14:13:34+00:00","description":"Ontdek de wereld van mode op onze blog! Lees over trends, stijladvies en duurzame mode om jouw unieke stijl te ontwikkelen.","breadcrumb":{"@id":"https:\/\/perfectpresentation.nl\/over-het-bedrijf\/#breadcrumb"},"inLanguage":"ro-RO","potentialAction":[{"@type":"ReadAction","target":["https:\/\/perfectpresentation.nl\/over-het-bedrijf\/"]}]},{"@type":"ImageObject","inLanguage":"ro-RO","@id":"https:\/\/perfectpresentation.nl\/over-het-bedrijf\/#primaryimage","url":"https:\/\/perfectpresentation.nl\/wp-content\/uploads\/bluzki-na-veshalke.jpg","contentUrl":"https:\/\/perfectpresentation.nl\/wp-content\/uploads\/bluzki-na-veshalke.jpg"},{"@type":"BreadcrumbList","@id":"https:\/\/perfectpresentation.nl\/over-het-bedrijf\/#breadcrumb","itemListElement":[{"@type":"ListItem","position":1,"name":"Home","item":"https:\/\/perfectpresentation.nl\/"},{"@type":"ListItem","position":2,"name":"Over het bedrijf"}]},{"@type":"WebSite","@id":"https:\/\/perfectpresentation.nl\/#website","url":"https:\/\/perfectpresentation.nl\/","name":"Perfect Presentation","description":"Duik in de wereld van fashion met persoonlijke stijltips en laatste modenieuws","potentialAction":[{"@type":"SearchAction","target":{"@type":"EntryPoint","urlTemplate":"https:\/\/perfectpresentation.nl\/?s={search_term_string}"},"query-input":"required name=search_term_string"}],"inLanguage":"ro-RO"}]}},"yoast_meta":{"yoast_wpseo_title":"","yoast_wpseo_metadesc":"","yoast_wpseo_canonical":"https:\/\/perfectpresentation.nl\/ro\/wp-json\/wp\/v2\/pages\/46"},"_links":{"self":[{"href":"https:\/\/perfectpresentation.nl\/ro\/wp-json\/wp\/v2\/pages\/46","targetHints":{"allow":["GET"]}}],"collection":[{"href":"https:\/\/perfectpresentation.nl\/ro\/wp-json\/wp\/v2\/pages"}],"about":[{"href":"https:\/\/perfectpresentation.nl\/ro\/wp-json\/wp\/v2\/types\/page"}],"author":[{"embeddable":true,"href":"https:\/\/perfectpresentation.nl\/ro\/wp-json\/wp\/v2\/users\/1"}],"replies":[{"embeddable":true,"href":"https:\/\/perfectpresentation.nl\/ro\/wp-json\/wp\/v2\/comments?post=46"}],"version-history":[{"count":1,"href":"https:\/\/perfectpresentation.nl\/ro\/wp-json\/wp\/v2\/pages\/46\/revisions"}],"predecessor-version":[{"id":55,"href":"https:\/\/perfectpresentation.nl\/ro\/wp-json\/wp\/v2\/pages\/46\/revisions\/55"}],"wp:attachment":[{"href":"https:\/\/perfectpresentation.nl\/ro\/wp-json\/wp\/v2\/media?parent=46"}],"curies":[{"name":"wp","href":"https:\/\/api.w.org\/{rel}","templated":true}]}}