{"id":47,"date":"2025-02-05T11:01:29","date_gmt":"2025-02-05T11:01:29","guid":{"rendered":"https:\/\/perfectpresentation.nl\/contacts\/"},"modified":"2025-02-05T11:01:29","modified_gmt":"2025-02-05T11:01:29","slug":"contacts","status":"publish","type":"page","link":"https:\/\/perfectpresentation.nl\/ro\/contacts\/","title":{"rendered":"Contacte"},"content":{"rendered":"<p>Apreciem interesul dumneavoastr\u0103 fa\u021b\u0103 de produsele \u0219i articolele noastre \u0219i suntem gata s\u0103 r\u0103spundem la orice \u00eentreb\u0103ri pe care le-a\u021bi putea avea.\n    <\/p>\n<h2>Formular de contact<\/h2>\n<form action=\"\/ro\/verzenden\/\" method=\"post\" data-trp-original-action=\"\/verzenden\">\n        <label for=\"naam\">Nume:<\/label><br \/>\n        <input type=\"text\" id=\"naam\" name=\"naam\" required><\/p>\n<p>        <label for=\"email\">Adresa de e-mail:<\/label><br \/>\n        <input type=\"email\" id=\"email\" name=\"email\" required><\/p>\n<p>        <label for=\"onderwerp\">Subiect:<\/label><br \/>\n        <input type=\"text\" id=\"onderwerp\" name=\"onderwerp\" required><\/p>\n<p>        <label for=\"bericht\">Mesaj:<\/label><br \/>\n        <textarea id=\"bericht\" name=\"bericht\" rows=\"5\" required><\/textarea><\/p>\n<p>        <button type=\"submit\">Trimite<\/button><br \/>\n    <input type=\"hidden\" name=\"trp-form-language\" value=\"ro\"\/><\/form>","protected":false},"excerpt":{"rendered":"<p>Apreciem interesul dumneavoastr\u0103 fa\u021b\u0103 de produsele \u0219i articolele noastre \u0219i suntem gata s\u0103 v\u0103 r\u0103spundem la toate \u00eentreb\u0103rile. Formular de contact Nume: Adres\u0103 de e-mail: Subiect:<span class=\"more-button\"><a href=\"https:\/\/perfectpresentation.nl\/ro\/contacts\/\" class=\"more-link more-icon\">Continu\u0103 s\u0103 cite\u0219ti<span class=\"screen-reader-text\">Contacte<\/span><\/a><\/span><\/p>","protected":false},"author":1,"featured_media":0,"parent":0,"menu_order":0,"comment_status":"closed","ping_status":"closed","template":"","meta":{"_acf_changed":false,"footnotes":""},"class_list":["post-47","page","type-page","status-publish","hentry"],"acf":[],"yoast_head":"<!-- This site is optimized with the Yoast SEO plugin v23.2 - https:\/\/yoast.com\/wordpress\/plugins\/seo\/ -->\n<title>Contacts - Perfect Presentation<\/title>\n<meta name=\"description\" content=\"Heeft u vragen over onze producten of artikelen? Vul het contactformulier in en wij helpen u graag verder!\" \/>\n<meta name=\"robots\" content=\"index, follow, max-snippet:-1, max-image-preview:large, max-video-preview:-1\" \/>\n<link rel=\"canonical\" href=\"https:\/\/perfectpresentation.nl\/ro\/contacts\/\" \/>\n<meta property=\"og:locale\" content=\"ro_RO\" \/>\n<meta property=\"og:type\" content=\"article\" \/>\n<meta property=\"og:title\" content=\"Contacts - Perfect Presentation\" \/>\n<meta property=\"og:description\" content=\"Heeft u vragen over onze producten of artikelen? Vul het contactformulier in en wij helpen u graag verder!\" \/>\n<meta property=\"og:url\" content=\"https:\/\/perfectpresentation.nl\/ro\/contacts\/\" \/>\n<meta property=\"og:site_name\" content=\"Perfect Presentation\" \/>\n<meta name=\"twitter:card\" content=\"summary_large_image\" \/>\n<script type=\"application\/ld+json\" class=\"yoast-schema-graph\">{\"@context\":\"https:\/\/schema.org\",\"@graph\":[{\"@type\":\"WebPage\",\"@id\":\"https:\/\/perfectpresentation.nl\/contacts\/\",\"url\":\"https:\/\/perfectpresentation.nl\/contacts\/\",\"name\":\"Contacts - Perfect Presentation\",\"isPartOf\":{\"@id\":\"https:\/\/perfectpresentation.nl\/#website\"},\"datePublished\":\"2025-02-05T11:01:29+00:00\",\"dateModified\":\"2025-02-05T11:01:29+00:00\",\"description\":\"Heeft u vragen over onze producten of artikelen? Vul het contactformulier in en wij helpen u graag verder!\",\"breadcrumb\":{\"@id\":\"https:\/\/perfectpresentation.nl\/contacts\/#breadcrumb\"},\"inLanguage\":\"ro-RO\",\"potentialAction\":[{\"@type\":\"ReadAction\",\"target\":[\"https:\/\/perfectpresentation.nl\/contacts\/\"]}]},{\"@type\":\"BreadcrumbList\",\"@id\":\"https:\/\/perfectpresentation.nl\/contacts\/#breadcrumb\",\"itemListElement\":[{\"@type\":\"ListItem\",\"position\":1,\"name\":\"Home\",\"item\":\"https:\/\/perfectpresentation.nl\/\"},{\"@type\":\"ListItem\",\"position\":2,\"name\":\"Contacts\"}]},{\"@type\":\"WebSite\",\"@id\":\"https:\/\/perfectpresentation.nl\/#website\",\"url\":\"https:\/\/perfectpresentation.nl\/\",\"name\":\"Perfect Presentation\",\"description\":\"Duik in de wereld van fashion met persoonlijke stijltips en laatste modenieuws\",\"potentialAction\":[{\"@type\":\"SearchAction\",\"target\":{\"@type\":\"EntryPoint\",\"urlTemplate\":\"https:\/\/perfectpresentation.nl\/?s={search_term_string}\"},\"query-input\":\"required name=search_term_string\"}],\"inLanguage\":\"ro-RO\"}]}<\/script>\n<!-- \/ Yoast SEO plugin. -->","yoast_head_json":{"title":"Contacts - Perfect Presentation","description":"Heeft u vragen over onze producten of artikelen? Vul het contactformulier in en wij helpen u graag verder!","robots":{"index":"index","follow":"follow","max-snippet":"max-snippet:-1","max-image-preview":"max-image-preview:large","max-video-preview":"max-video-preview:-1"},"canonical":"https:\/\/perfectpresentation.nl\/ro\/contacts\/","og_locale":"ro_RO","og_type":"article","og_title":"Contacts - Perfect Presentation","og_description":"Heeft u vragen over onze producten of artikelen? Vul het contactformulier in en wij helpen u graag verder!","og_url":"https:\/\/perfectpresentation.nl\/ro\/contacts\/","og_site_name":"Perfect Presentation","twitter_card":"summary_large_image","schema":{"@context":"https:\/\/schema.org","@graph":[{"@type":"WebPage","@id":"https:\/\/perfectpresentation.nl\/contacts\/","url":"https:\/\/perfectpresentation.nl\/contacts\/","name":"Contacts - Perfect Presentation","isPartOf":{"@id":"https:\/\/perfectpresentation.nl\/#website"},"datePublished":"2025-02-05T11:01:29+00:00","dateModified":"2025-02-05T11:01:29+00:00","description":"Heeft u vragen over onze producten of artikelen? Vul het contactformulier in en wij helpen u graag verder!","breadcrumb":{"@id":"https:\/\/perfectpresentation.nl\/contacts\/#breadcrumb"},"inLanguage":"ro-RO","potentialAction":[{"@type":"ReadAction","target":["https:\/\/perfectpresentation.nl\/contacts\/"]}]},{"@type":"BreadcrumbList","@id":"https:\/\/perfectpresentation.nl\/contacts\/#breadcrumb","itemListElement":[{"@type":"ListItem","position":1,"name":"Home","item":"https:\/\/perfectpresentation.nl\/"},{"@type":"ListItem","position":2,"name":"Contacts"}]},{"@type":"WebSite","@id":"https:\/\/perfectpresentation.nl\/#website","url":"https:\/\/perfectpresentation.nl\/","name":"Perfect Presentation","description":"Duik in de wereld van fashion met persoonlijke stijltips en laatste modenieuws","potentialAction":[{"@type":"SearchAction","target":{"@type":"EntryPoint","urlTemplate":"https:\/\/perfectpresentation.nl\/?s={search_term_string}"},"query-input":"required name=search_term_string"}],"inLanguage":"ro-RO"}]}},"yoast_meta":{"yoast_wpseo_title":"","yoast_wpseo_metadesc":"","yoast_wpseo_canonical":"https:\/\/perfectpresentation.nl\/ro\/wp-json\/wp\/v2\/pages\/47"},"_links":{"self":[{"href":"https:\/\/perfectpresentation.nl\/ro\/wp-json\/wp\/v2\/pages\/47","targetHints":{"allow":["GET"]}}],"collection":[{"href":"https:\/\/perfectpresentation.nl\/ro\/wp-json\/wp\/v2\/pages"}],"about":[{"href":"https:\/\/perfectpresentation.nl\/ro\/wp-json\/wp\/v2\/types\/page"}],"author":[{"embeddable":true,"href":"https:\/\/perfectpresentation.nl\/ro\/wp-json\/wp\/v2\/users\/1"}],"replies":[{"embeddable":true,"href":"https:\/\/perfectpresentation.nl\/ro\/wp-json\/wp\/v2\/comments?post=47"}],"version-history":[{"count":0,"href":"https:\/\/perfectpresentation.nl\/ro\/wp-json\/wp\/v2\/pages\/47\/revisions"}],"wp:attachment":[{"href":"https:\/\/perfectpresentation.nl\/ro\/wp-json\/wp\/v2\/media?parent=47"}],"curies":[{"name":"wp","href":"https:\/\/api.w.org\/{rel}","templated":true}]}}